{"id":2139,"date":"2019-04-25T18:25:57","date_gmt":"2019-06-07T19:58:19","guid":{"rendered":"https:\/\/instagreen.eu\/?post_type=product&#038;p=2139"},"modified":"2023-08-04T16:28:48","modified_gmt":"2023-08-04T16:28:48","slug":"kits-de-cultivo-en-casa-kit-de-3","status":"publish","type":"product","link":"https:\/\/instagreen.eu\/es\/producto\/kits-de-cultivo-en-casa-kit-de-3\/","title":{"rendered":"KITS DE CULTIVO EN CASA &#8211; pack de 3"},"content":{"rendered":"<div class=\"fusion-fullwidth fullwidth-box fusion-builder-row-1 fusion-flex-container nonhundred-percent-fullwidth non-hundred-percent-height-scrolling\" style=\"--awb-border-radius-top-left:0px;--awb-border-radius-top-right:0px;--awb-border-radius-bottom-right:0px;--awb-border-radius-bottom-left:0px;--awb-flex-wrap:wrap;\" ><div class=\"fusion-builder-row fusion-row fusion-flex-align-items-flex-start fusion-flex-content-wrap\" style=\"max-width:1144px;margin-left: calc(-4% \/ 2 );margin-right: calc(-4% \/ 2 );\"><div class=\"fusion-layout-column fusion_builder_column fusion-builder-column-0 fusion_builder_column_1_1 1_1 fusion-flex-column\" style=\"--awb-bg-size:cover;--awb-width-large:100%;--awb-margin-top-large:0px;--awb-spacing-right-large:1.92%;--awb-margin-bottom-large:0px;--awb-spacing-left-large:1.92%;--awb-width-medium:100%;--awb-spacing-right-medium:1.92%;--awb-spacing-left-medium:1.92%;--awb-width-small:100%;--awb-spacing-right-small:1.92%;--awb-spacing-left-small:1.92%;\"><div class=\"fusion-column-wrapper fusion-flex-justify-content-flex-start fusion-content-layout-column\"><div class=\"fusion-text fusion-text-1\"><h3>KITS DE CULTIVO EN CASA MICROGREENS 3-PACK<\/h3>\n<p><strong>MILD: Guisante, Kale &amp; Col Lombarda<\/strong><br \/>\n<strong>DAIKON: Daikon rojo, Daikon rosado y Daikon verde<\/strong><br \/>\n<strong>SPICY: Mostaza, Rucola &amp; Berro Jard\u00edn<br \/>\n<\/strong><\/p>\n<p>Este paquete contiene 3 kits para experimentar y tratar tus papilas gustativas.<br \/>\nTodos los kits son 100% biodegradables y contienen el medio de cultivo y las semillas para cultivar f\u00e1cilmente tus propios microgreens.<\/p>\n<p>Obtenga m\u00e1s informaci\u00f3n en nuestra p\u00e1gina de instrucciones de crecimiento.<\/p>\n<\/div><\/div><\/div><\/div><\/div>\n","protected":false},"excerpt":{"rendered":"<p>Este paquete contiene los 3 kits para experimentar y tratar tus papilas gustativas.<\/p>\n","protected":false},"featured_media":1864,"template":"","meta":[],"product_cat":[67,63],"product_tag":[],"class_list":{"0":"post-2139","1":"product","2":"type-product","3":"status-publish","4":"has-post-thumbnail","6":"product_cat-brotes-es","7":"product_cat-kit-de-cultivo-en-casa","9":"first","10":"instock","11":"sale","12":"taxable","13":"shipping-taxable","14":"purchasable","15":"product-type-simple"},"yoast_head":"<!-- This site is optimized with the Yoast SEO plugin v24.0 - https:\/\/yoast.com\/wordpress\/plugins\/seo\/ -->\n<title>KITS DE CULTIVO EN CASA - pack de 3 - INSTAGREEN<\/title>\n<meta name=\"robots\" content=\"index, follow, max-snippet:-1, max-image-preview:large, max-video-preview:-1\" \/>\n<link rel=\"canonical\" href=\"https:\/\/instagreen.eu\/es\/producto\/kits-de-cultivo-en-casa-kit-de-3\/\" \/>\n<meta property=\"og:locale\" content=\"es_ES\" \/>\n<meta property=\"og:type\" content=\"article\" \/>\n<meta property=\"og:title\" content=\"KITS DE CULTIVO EN CASA - pack de 3 - INSTAGREEN\" \/>\n<meta property=\"og:description\" content=\"Este paquete contiene los 3 kits para experimentar y tratar tus papilas gustativas.\" \/>\n<meta property=\"og:url\" content=\"https:\/\/instagreen.eu\/es\/producto\/kits-de-cultivo-en-casa-kit-de-3\/\" \/>\n<meta property=\"og:site_name\" content=\"INSTAGREEN\" \/>\n<meta property=\"article:modified_time\" content=\"2023-08-04T16:28:48+00:00\" \/>\n<meta property=\"og:image\" content=\"https:\/\/instagreen.eu\/wp-content\/uploads\/2018\/12\/instagreen-gyo2-set3-window.jpg\" \/>\n\t<meta property=\"og:image:width\" content=\"1280\" \/>\n\t<meta property=\"og:image:height\" content=\"1280\" \/>\n\t<meta property=\"og:image:type\" content=\"image\/jpeg\" \/>\n<meta name=\"twitter:card\" content=\"summary_large_image\" \/>\n<meta name=\"twitter:label1\" content=\"Tiempo de lectura\" \/>\n\t<meta name=\"twitter:data1\" content=\"1 minuto\" \/>\n<script type=\"application\/ld+json\" class=\"yoast-schema-graph\">{\"@context\":\"https:\/\/schema.org\",\"@graph\":[{\"@type\":\"WebPage\",\"@id\":\"https:\/\/instagreen.eu\/es\/producto\/kits-de-cultivo-en-casa-kit-de-3\/\",\"url\":\"https:\/\/instagreen.eu\/es\/producto\/kits-de-cultivo-en-casa-kit-de-3\/\",\"name\":\"KITS DE CULTIVO EN CASA - pack de 3 - INSTAGREEN\",\"isPartOf\":{\"@id\":\"https:\/\/instagreen.eu\/#website\"},\"primaryImageOfPage\":{\"@id\":\"https:\/\/instagreen.eu\/es\/producto\/kits-de-cultivo-en-casa-kit-de-3\/#primaryimage\"},\"image\":{\"@id\":\"https:\/\/instagreen.eu\/es\/producto\/kits-de-cultivo-en-casa-kit-de-3\/#primaryimage\"},\"thumbnailUrl\":\"https:\/\/instagreen.eu\/wp-content\/uploads\/2018\/12\/instagreen-gyo2-set3-window.jpg\",\"datePublished\":\"2019-06-07T19:58:19+00:00\",\"dateModified\":\"2023-08-04T16:28:48+00:00\",\"breadcrumb\":{\"@id\":\"https:\/\/instagreen.eu\/es\/producto\/kits-de-cultivo-en-casa-kit-de-3\/#breadcrumb\"},\"inLanguage\":\"es\",\"potentialAction\":[{\"@type\":\"ReadAction\",\"target\":[\"https:\/\/instagreen.eu\/es\/producto\/kits-de-cultivo-en-casa-kit-de-3\/\"]}]},{\"@type\":\"ImageObject\",\"inLanguage\":\"es\",\"@id\":\"https:\/\/instagreen.eu\/es\/producto\/kits-de-cultivo-en-casa-kit-de-3\/#primaryimage\",\"url\":\"https:\/\/instagreen.eu\/wp-content\/uploads\/2018\/12\/instagreen-gyo2-set3-window.jpg\",\"contentUrl\":\"https:\/\/instagreen.eu\/wp-content\/uploads\/2018\/12\/instagreen-gyo2-set3-window.jpg\",\"width\":1280,\"height\":1280,\"caption\":\"Set of 3 home grow kits\"},{\"@type\":\"BreadcrumbList\",\"@id\":\"https:\/\/instagreen.eu\/es\/producto\/kits-de-cultivo-en-casa-kit-de-3\/#breadcrumb\",\"itemListElement\":[{\"@type\":\"ListItem\",\"position\":1,\"name\":\"Home\",\"item\":\"https:\/\/instagreen.eu\/es\/\"},{\"@type\":\"ListItem\",\"position\":2,\"name\":\"TIENDA\",\"item\":\"https:\/\/instagreen.eu\/es\/tienda\/\"},{\"@type\":\"ListItem\",\"position\":3,\"name\":\"KITS DE CULTIVO EN CASA &#8211; pack de 3\"}]},{\"@type\":\"WebSite\",\"@id\":\"https:\/\/instagreen.eu\/#website\",\"url\":\"https:\/\/instagreen.eu\/\",\"name\":\"INSTAGREEN\",\"description\":\"Enjoy living local greens.\",\"potentialAction\":[{\"@type\":\"SearchAction\",\"target\":{\"@type\":\"EntryPoint\",\"urlTemplate\":\"https:\/\/instagreen.eu\/?s={search_term_string}\"},\"query-input\":{\"@type\":\"PropertyValueSpecification\",\"valueRequired\":true,\"valueName\":\"search_term_string\"}}],\"inLanguage\":\"es\"}]}<\/script>\n<!-- \/ Yoast SEO plugin. -->","yoast_head_json":{"title":"KITS DE CULTIVO EN CASA - pack de 3 - INSTAGREEN","robots":{"index":"index","follow":"follow","max-snippet":"max-snippet:-1","max-image-preview":"max-image-preview:large","max-video-preview":"max-video-preview:-1"},"canonical":"https:\/\/instagreen.eu\/es\/producto\/kits-de-cultivo-en-casa-kit-de-3\/","og_locale":"es_ES","og_type":"article","og_title":"KITS DE CULTIVO EN CASA - pack de 3 - INSTAGREEN","og_description":"Este paquete contiene los 3 kits para experimentar y tratar tus papilas gustativas.","og_url":"https:\/\/instagreen.eu\/es\/producto\/kits-de-cultivo-en-casa-kit-de-3\/","og_site_name":"INSTAGREEN","article_modified_time":"2023-08-04T16:28:48+00:00","og_image":[{"width":1280,"height":1280,"url":"https:\/\/instagreen.eu\/wp-content\/uploads\/2018\/12\/instagreen-gyo2-set3-window.jpg","type":"image\/jpeg"}],"twitter_card":"summary_large_image","twitter_misc":{"Tiempo de lectura":"1 minuto"},"schema":{"@context":"https:\/\/schema.org","@graph":[{"@type":"WebPage","@id":"https:\/\/instagreen.eu\/es\/producto\/kits-de-cultivo-en-casa-kit-de-3\/","url":"https:\/\/instagreen.eu\/es\/producto\/kits-de-cultivo-en-casa-kit-de-3\/","name":"KITS DE CULTIVO EN CASA - pack de 3 - INSTAGREEN","isPartOf":{"@id":"https:\/\/instagreen.eu\/#website"},"primaryImageOfPage":{"@id":"https:\/\/instagreen.eu\/es\/producto\/kits-de-cultivo-en-casa-kit-de-3\/#primaryimage"},"image":{"@id":"https:\/\/instagreen.eu\/es\/producto\/kits-de-cultivo-en-casa-kit-de-3\/#primaryimage"},"thumbnailUrl":"https:\/\/instagreen.eu\/wp-content\/uploads\/2018\/12\/instagreen-gyo2-set3-window.jpg","datePublished":"2019-06-07T19:58:19+00:00","dateModified":"2023-08-04T16:28:48+00:00","breadcrumb":{"@id":"https:\/\/instagreen.eu\/es\/producto\/kits-de-cultivo-en-casa-kit-de-3\/#breadcrumb"},"inLanguage":"es","potentialAction":[{"@type":"ReadAction","target":["https:\/\/instagreen.eu\/es\/producto\/kits-de-cultivo-en-casa-kit-de-3\/"]}]},{"@type":"ImageObject","inLanguage":"es","@id":"https:\/\/instagreen.eu\/es\/producto\/kits-de-cultivo-en-casa-kit-de-3\/#primaryimage","url":"https:\/\/instagreen.eu\/wp-content\/uploads\/2018\/12\/instagreen-gyo2-set3-window.jpg","contentUrl":"https:\/\/instagreen.eu\/wp-content\/uploads\/2018\/12\/instagreen-gyo2-set3-window.jpg","width":1280,"height":1280,"caption":"Set of 3 home grow kits"},{"@type":"BreadcrumbList","@id":"https:\/\/instagreen.eu\/es\/producto\/kits-de-cultivo-en-casa-kit-de-3\/#breadcrumb","itemListElement":[{"@type":"ListItem","position":1,"name":"Home","item":"https:\/\/instagreen.eu\/es\/"},{"@type":"ListItem","position":2,"name":"TIENDA","item":"https:\/\/instagreen.eu\/es\/tienda\/"},{"@type":"ListItem","position":3,"name":"KITS DE CULTIVO EN CASA &#8211; pack de 3"}]},{"@type":"WebSite","@id":"https:\/\/instagreen.eu\/#website","url":"https:\/\/instagreen.eu\/","name":"INSTAGREEN","description":"Enjoy living local greens.","potentialAction":[{"@type":"SearchAction","target":{"@type":"EntryPoint","urlTemplate":"https:\/\/instagreen.eu\/?s={search_term_string}"},"query-input":{"@type":"PropertyValueSpecification","valueRequired":true,"valueName":"search_term_string"}}],"inLanguage":"es"}]}},"_links":{"self":[{"href":"https:\/\/instagreen.eu\/es\/wp-json\/wp\/v2\/product\/2139","targetHints":{"allow":["GET"]}}],"collection":[{"href":"https:\/\/instagreen.eu\/es\/wp-json\/wp\/v2\/product"}],"about":[{"href":"https:\/\/instagreen.eu\/es\/wp-json\/wp\/v2\/types\/product"}],"wp:featuredmedia":[{"embeddable":true,"href":"https:\/\/instagreen.eu\/es\/wp-json\/wp\/v2\/media\/1864"}],"wp:attachment":[{"href":"https:\/\/instagreen.eu\/es\/wp-json\/wp\/v2\/media?parent=2139"}],"wp:term":[{"taxonomy":"product_cat","embeddable":true,"href":"https:\/\/instagreen.eu\/es\/wp-json\/wp\/v2\/product_cat?post=2139"},{"taxonomy":"product_tag","embeddable":true,"href":"https:\/\/instagreen.eu\/es\/wp-json\/wp\/v2\/product_tag?post=2139"}],"curies":[{"name":"wp","href":"https:\/\/api.w.org\/{rel}","templated":true}]}}