{"id":47902,"date":"2018-09-23T09:47:16","date_gmt":"2020-09-23T09:47:16","guid":{"rendered":"https:\/\/instagreen.eu\/?post_type=product&#038;p=47902"},"modified":"2024-11-30T12:14:56","modified_gmt":"2024-11-30T12:14:56","slug":"cups-cellulose-try-out-pack","status":"publish","type":"product","link":"https:\/\/instagreen.eu\/es\/producto\/cups-cellulose-try-out-pack\/","title":{"rendered":"PACK DE PRUEBA DE BANDEJAS Y CELULOSA"},"content":{"rendered":"<div class=\"fusion-fullwidth fullwidth-box fusion-builder-row-1 nonhundred-percent-fullwidth non-hundred-percent-height-scrolling\" style=\"--awb-border-radius-top-left:0px;--awb-border-radius-top-right:0px;--awb-border-radius-bottom-right:0px;--awb-border-radius-bottom-left:0px;--awb-flex-wrap:wrap;\" ><div class=\"fusion-builder-row fusion-row\"><div class=\"fusion-layout-column fusion_builder_column fusion-builder-column-0 fusion_builder_column_1_1 1_1 fusion-one-full fusion-column-first fusion-column-last\" style=\"--awb-bg-size:cover;\"><div class=\"fusion-column-wrapper fusion-flex-column-wrapper-legacy\"><div class=\"fusion-text fusion-text-1\"><p>\u00bfQuieres saber lo f\u00e1cil que es cultivar microgreens con nuestras bandejas peque\u00f1as y l\u00e1minas de celulosa org\u00e1nica?<\/p>\n<p>\u00a1Pru\u00e9balos con este pack de 30 bandejas y 60 l\u00e1minas de celulosa!<\/p>\n<p>El pack de prueba contiene:<\/p>\n<p>\u2022 30 x bandejas peque\u00f1as de cultivo para microgreens<br \/>\n\u2022 60 x l\u00e1minas de celulosa org\u00e1nica que encajan perfectamente en nuestras bandejas peque\u00f1as<\/p>\n<p>Si es la primera vez que cultivas microgreens en celulosa puedes ver este video con instrucciones: https:\/\/urbanfarmingacademy.teachable.com\/courses\/healthy-microgreens-home-growing-benefits-and-recipes\/lectures\/17395172<\/p>\n<\/div><div class=\"fusion-sep-clear\"><\/div><div class=\"fusion-separator fusion-full-width-sep\" style=\"margin-left: auto;margin-right: auto;margin-top:15px;width:100%;\"><\/div><div class=\"fusion-sep-clear\"><\/div><div class=\"fusion-text fusion-text-2\"><p style=\"font-weight: 400;\">60 l\u00e1minas de celulosa biodegradables y compostables con el tama\u00f1o perfecto (115 x 75 mm \/ 4,5\u2033 x 3\u2033) para nuestras bandejas de microgreens. Estas l\u00e1minas higi\u00e9nicas y f\u00e1ciles de usar est\u00e1n fabricadas con materias primas de madera 100% v\u00edrgenes y de origen sostenible con certificado ecol\u00f3gico. Y cero nutrientes a\u00f1adidos (importantes para la agricultura ecol\u00f3gica). Nuestras l\u00e1minas de celulosa tienen una gran capacidad de retenci\u00f3n de agua y son aptas para el contacto directo con los alimentos.<\/p>\n<p style=\"font-weight: 400;\">30 bandejas de 10 x 14,5 cm y 5 cm de alto \/ 4\u2033 x 5,7\u2033 x 2\u2033. Cada Smart Watering Tray de las sistemas deInstaGreen puede contener 40 de estas bandejas.<\/p>\n<\/div><div class=\"fusion-clearfix\"><\/div><\/div><\/div><\/div><\/div>\n","protected":false},"excerpt":{"rendered":"<p style=\"font-weight: 400;\">Utiliza este pack de prueba de 30 bandejas peque\u00f1as y 60 l\u00e1minas de celulosa para ver qu\u00e9 bien funcionan en tu huerto o en casa.<\/p>\n","protected":false},"featured_media":3197,"template":"","meta":[],"product_cat":[107,89],"product_tag":[],"class_list":{"0":"post-47902","1":"product","2":"type-product","3":"status-publish","4":"has-post-thumbnail","6":"product_cat-materials","7":"product_cat-profesionales","9":"first","10":"instock","11":"purchasable","12":"product-type-simple"},"yoast_head":"<!-- This site is optimized with the Yoast SEO plugin v24.0 - https:\/\/yoast.com\/wordpress\/plugins\/seo\/ -->\n<title>PACK DE PRUEBA DE BANDEJAS Y CELULOSA - INSTAGREEN<\/title>\n<meta name=\"description\" content=\"Utiliza este pack de prueba de 40 bandejas peque\u00f1as y 40 l\u00e1minas de celulosa para ver qu\u00e9 bien funcionan en tu huerto o en casa.\" \/>\n<meta name=\"robots\" content=\"index, follow, max-snippet:-1, max-image-preview:large, max-video-preview:-1\" \/>\n<link rel=\"canonical\" href=\"https:\/\/instagreen.eu\/es\/producto\/cups-cellulose-try-out-pack\/\" \/>\n<meta property=\"og:locale\" content=\"es_ES\" \/>\n<meta property=\"og:type\" content=\"article\" \/>\n<meta property=\"og:title\" content=\"PACK DE PRUEBA DE BANDEJAS Y CELULOSA - INSTAGREEN\" \/>\n<meta property=\"og:description\" content=\"Utiliza este pack de prueba de 40 bandejas peque\u00f1as y 40 l\u00e1minas de celulosa para ver qu\u00e9 bien funcionan en tu huerto o en casa.\" \/>\n<meta property=\"og:url\" content=\"https:\/\/instagreen.eu\/es\/producto\/cups-cellulose-try-out-pack\/\" \/>\n<meta property=\"og:site_name\" content=\"INSTAGREEN\" \/>\n<meta property=\"article:modified_time\" content=\"2024-11-30T12:14:56+00:00\" \/>\n<meta property=\"og:image\" content=\"https:\/\/instagreen.eu\/wp-content\/uploads\/2019\/08\/instagreen-biodegradable-cups-1080.jpg\" \/>\n\t<meta property=\"og:image:width\" content=\"1080\" \/>\n\t<meta property=\"og:image:height\" content=\"1080\" \/>\n\t<meta property=\"og:image:type\" content=\"image\/jpeg\" \/>\n<meta name=\"twitter:card\" content=\"summary_large_image\" \/>\n<meta name=\"twitter:label1\" content=\"Tiempo de lectura\" \/>\n\t<meta name=\"twitter:data1\" content=\"2 minutos\" \/>\n<script type=\"application\/ld+json\" class=\"yoast-schema-graph\">{\"@context\":\"https:\/\/schema.org\",\"@graph\":[{\"@type\":\"WebPage\",\"@id\":\"https:\/\/instagreen.eu\/es\/producto\/cups-cellulose-try-out-pack\/\",\"url\":\"https:\/\/instagreen.eu\/es\/producto\/cups-cellulose-try-out-pack\/\",\"name\":\"PACK DE PRUEBA DE BANDEJAS Y CELULOSA - INSTAGREEN\",\"isPartOf\":{\"@id\":\"https:\/\/instagreen.eu\/#website\"},\"primaryImageOfPage\":{\"@id\":\"https:\/\/instagreen.eu\/es\/producto\/cups-cellulose-try-out-pack\/#primaryimage\"},\"image\":{\"@id\":\"https:\/\/instagreen.eu\/es\/producto\/cups-cellulose-try-out-pack\/#primaryimage\"},\"thumbnailUrl\":\"https:\/\/instagreen.eu\/wp-content\/uploads\/2019\/08\/instagreen-biodegradable-cups-1080.jpg\",\"datePublished\":\"2020-09-23T09:47:16+00:00\",\"dateModified\":\"2024-11-30T12:14:56+00:00\",\"description\":\"Utiliza este pack de prueba de 40 bandejas peque\u00f1as y 40 l\u00e1minas de celulosa para ver qu\u00e9 bien funcionan en tu huerto o en casa.\",\"breadcrumb\":{\"@id\":\"https:\/\/instagreen.eu\/es\/producto\/cups-cellulose-try-out-pack\/#breadcrumb\"},\"inLanguage\":\"es\",\"potentialAction\":[{\"@type\":\"ReadAction\",\"target\":[\"https:\/\/instagreen.eu\/es\/producto\/cups-cellulose-try-out-pack\/\"]}]},{\"@type\":\"ImageObject\",\"inLanguage\":\"es\",\"@id\":\"https:\/\/instagreen.eu\/es\/producto\/cups-cellulose-try-out-pack\/#primaryimage\",\"url\":\"https:\/\/instagreen.eu\/wp-content\/uploads\/2019\/08\/instagreen-biodegradable-cups-1080.jpg\",\"contentUrl\":\"https:\/\/instagreen.eu\/wp-content\/uploads\/2019\/08\/instagreen-biodegradable-cups-1080.jpg\",\"width\":1080,\"height\":1080},{\"@type\":\"BreadcrumbList\",\"@id\":\"https:\/\/instagreen.eu\/es\/producto\/cups-cellulose-try-out-pack\/#breadcrumb\",\"itemListElement\":[{\"@type\":\"ListItem\",\"position\":1,\"name\":\"Home\",\"item\":\"https:\/\/instagreen.eu\/es\/\"},{\"@type\":\"ListItem\",\"position\":2,\"name\":\"TIENDA\",\"item\":\"https:\/\/instagreen.eu\/es\/tienda\/\"},{\"@type\":\"ListItem\",\"position\":3,\"name\":\"PACK DE PRUEBA DE BANDEJAS Y CELULOSA\"}]},{\"@type\":\"WebSite\",\"@id\":\"https:\/\/instagreen.eu\/#website\",\"url\":\"https:\/\/instagreen.eu\/\",\"name\":\"INSTAGREEN\",\"description\":\"Enjoy living local greens.\",\"potentialAction\":[{\"@type\":\"SearchAction\",\"target\":{\"@type\":\"EntryPoint\",\"urlTemplate\":\"https:\/\/instagreen.eu\/?s={search_term_string}\"},\"query-input\":{\"@type\":\"PropertyValueSpecification\",\"valueRequired\":true,\"valueName\":\"search_term_string\"}}],\"inLanguage\":\"es\"}]}<\/script>\n<!-- \/ Yoast SEO plugin. -->","yoast_head_json":{"title":"PACK DE PRUEBA DE BANDEJAS Y CELULOSA - INSTAGREEN","description":"Utiliza este pack de prueba de 40 bandejas peque\u00f1as y 40 l\u00e1minas de celulosa para ver qu\u00e9 bien funcionan en tu huerto o en casa.","robots":{"index":"index","follow":"follow","max-snippet":"max-snippet:-1","max-image-preview":"max-image-preview:large","max-video-preview":"max-video-preview:-1"},"canonical":"https:\/\/instagreen.eu\/es\/producto\/cups-cellulose-try-out-pack\/","og_locale":"es_ES","og_type":"article","og_title":"PACK DE PRUEBA DE BANDEJAS Y CELULOSA - INSTAGREEN","og_description":"Utiliza este pack de prueba de 40 bandejas peque\u00f1as y 40 l\u00e1minas de celulosa para ver qu\u00e9 bien funcionan en tu huerto o en casa.","og_url":"https:\/\/instagreen.eu\/es\/producto\/cups-cellulose-try-out-pack\/","og_site_name":"INSTAGREEN","article_modified_time":"2024-11-30T12:14:56+00:00","og_image":[{"width":1080,"height":1080,"url":"https:\/\/instagreen.eu\/wp-content\/uploads\/2019\/08\/instagreen-biodegradable-cups-1080.jpg","type":"image\/jpeg"}],"twitter_card":"summary_large_image","twitter_misc":{"Tiempo de lectura":"2 minutos"},"schema":{"@context":"https:\/\/schema.org","@graph":[{"@type":"WebPage","@id":"https:\/\/instagreen.eu\/es\/producto\/cups-cellulose-try-out-pack\/","url":"https:\/\/instagreen.eu\/es\/producto\/cups-cellulose-try-out-pack\/","name":"PACK DE PRUEBA DE BANDEJAS Y CELULOSA - INSTAGREEN","isPartOf":{"@id":"https:\/\/instagreen.eu\/#website"},"primaryImageOfPage":{"@id":"https:\/\/instagreen.eu\/es\/producto\/cups-cellulose-try-out-pack\/#primaryimage"},"image":{"@id":"https:\/\/instagreen.eu\/es\/producto\/cups-cellulose-try-out-pack\/#primaryimage"},"thumbnailUrl":"https:\/\/instagreen.eu\/wp-content\/uploads\/2019\/08\/instagreen-biodegradable-cups-1080.jpg","datePublished":"2020-09-23T09:47:16+00:00","dateModified":"2024-11-30T12:14:56+00:00","description":"Utiliza este pack de prueba de 40 bandejas peque\u00f1as y 40 l\u00e1minas de celulosa para ver qu\u00e9 bien funcionan en tu huerto o en casa.","breadcrumb":{"@id":"https:\/\/instagreen.eu\/es\/producto\/cups-cellulose-try-out-pack\/#breadcrumb"},"inLanguage":"es","potentialAction":[{"@type":"ReadAction","target":["https:\/\/instagreen.eu\/es\/producto\/cups-cellulose-try-out-pack\/"]}]},{"@type":"ImageObject","inLanguage":"es","@id":"https:\/\/instagreen.eu\/es\/producto\/cups-cellulose-try-out-pack\/#primaryimage","url":"https:\/\/instagreen.eu\/wp-content\/uploads\/2019\/08\/instagreen-biodegradable-cups-1080.jpg","contentUrl":"https:\/\/instagreen.eu\/wp-content\/uploads\/2019\/08\/instagreen-biodegradable-cups-1080.jpg","width":1080,"height":1080},{"@type":"BreadcrumbList","@id":"https:\/\/instagreen.eu\/es\/producto\/cups-cellulose-try-out-pack\/#breadcrumb","itemListElement":[{"@type":"ListItem","position":1,"name":"Home","item":"https:\/\/instagreen.eu\/es\/"},{"@type":"ListItem","position":2,"name":"TIENDA","item":"https:\/\/instagreen.eu\/es\/tienda\/"},{"@type":"ListItem","position":3,"name":"PACK DE PRUEBA DE BANDEJAS Y CELULOSA"}]},{"@type":"WebSite","@id":"https:\/\/instagreen.eu\/#website","url":"https:\/\/instagreen.eu\/","name":"INSTAGREEN","description":"Enjoy living local greens.","potentialAction":[{"@type":"SearchAction","target":{"@type":"EntryPoint","urlTemplate":"https:\/\/instagreen.eu\/?s={search_term_string}"},"query-input":{"@type":"PropertyValueSpecification","valueRequired":true,"valueName":"search_term_string"}}],"inLanguage":"es"}]}},"_links":{"self":[{"href":"https:\/\/instagreen.eu\/es\/wp-json\/wp\/v2\/product\/47902","targetHints":{"allow":["GET"]}}],"collection":[{"href":"https:\/\/instagreen.eu\/es\/wp-json\/wp\/v2\/product"}],"about":[{"href":"https:\/\/instagreen.eu\/es\/wp-json\/wp\/v2\/types\/product"}],"wp:featuredmedia":[{"embeddable":true,"href":"https:\/\/instagreen.eu\/es\/wp-json\/wp\/v2\/media\/3197"}],"wp:attachment":[{"href":"https:\/\/instagreen.eu\/es\/wp-json\/wp\/v2\/media?parent=47902"}],"wp:term":[{"taxonomy":"product_cat","embeddable":true,"href":"https:\/\/instagreen.eu\/es\/wp-json\/wp\/v2\/product_cat?post=47902"},{"taxonomy":"product_tag","embeddable":true,"href":"https:\/\/instagreen.eu\/es\/wp-json\/wp\/v2\/product_tag?post=47902"}],"curies":[{"name":"wp","href":"https:\/\/api.w.org\/{rel}","templated":true}]}}