{"id":48638,"date":"2019-07-26T18:14:29","date_gmt":"2019-07-26T18:14:29","guid":{"rendered":"https:\/\/instagreen.eu\/product\/professional-cultivation-system\/"},"modified":"2023-08-04T17:13:37","modified_gmt":"2023-08-04T17:13:37","slug":"sistema-de-cultivo-profesional-6-niveles-12-bandejas","status":"publish","type":"product","link":"https:\/\/instagreen.eu\/es\/producto\/sistema-de-cultivo-profesional-6-niveles-12-bandejas\/","title":{"rendered":"INSTAGREEN SISTEMA DE CULTIVO PROFESIONAL (6 niveles)"},"content":{"rendered":"<div class=\"fusion-fullwidth fullwidth-box fusion-builder-row-1 nonhundred-percent-fullwidth non-hundred-percent-height-scrolling\" style=\"--awb-border-radius-top-left:0px;--awb-border-radius-top-right:0px;--awb-border-radius-bottom-right:0px;--awb-border-radius-bottom-left:0px;--awb-flex-wrap:wrap;\" ><div class=\"fusion-builder-row fusion-row\"><div class=\"fusion-layout-column fusion_builder_column fusion-builder-column-0 fusion_builder_column_1_1 1_1 fusion-one-full fusion-column-first fusion-column-last\" style=\"--awb-bg-size:cover;\"><div class=\"fusion-column-wrapper fusion-flex-column-wrapper-legacy\"><div class=\"fusion-text fusion-text-1\"><p>En InstaGreen hemos pasado a\u00f1os probando y construyendo sistemas y m\u00e9todos de cultivo eficientes. En lugar de ir a la alta tecnolog\u00eda (High-Tech) y centrarse en \u00abaplicaciones\u00bb que nadie usa, hemos construido un sistema de baja tecnolog\u00eda (Low-Tech) para nosotros mismos. Un sistema que puede hacer frente al mayor reto de la agricultura urbana: c\u00f3mo cultivar de forma rentable y gastando poca energ\u00eda. Es un sistema sencillo, f\u00e1cil de usar y rentable, desarrollado y utilizado ya a\u00f1os en la granja urbana InstaGreen.eu de Barcelona. Dise\u00f1ado para ser ajustable, escalable y rentable.<\/p>\n<p>El sistema de cultivo de 6 capas contiene todo:<\/p>\n<ul>\n<li>Estructura ajustable<\/li>\n<li>12 bandejas de riego<\/li>\n<li>Luces LED en todas las niveles<\/li>\n<li>Sistema de riego con bomba de agua y rampas de riego<\/li>\n<li>Contenedor de agua<br \/>\n(Los bandejas peque\u00f1as, la celulosa y semillas se vende por separado)<\/li>\n<\/ul>\n<\/div><div class=\"fusion-clearfix\"><\/div><\/div><\/div><\/div><\/div>\n","protected":false},"excerpt":{"rendered":"","protected":false},"featured_media":2449,"template":"","meta":[],"product_cat":[89,105],"product_tag":[],"class_list":{"0":"post-48638","1":"product","2":"type-product","3":"status-publish","4":"has-post-thumbnail","6":"product_cat-profesionales","7":"product_cat-systems-es","9":"first","10":"instock","11":"featured","12":"purchasable","13":"product-type-simple"},"yoast_head":"<!-- This site is optimized with the Yoast SEO plugin v24.0 - https:\/\/yoast.com\/wordpress\/plugins\/seo\/ -->\n<title>INSTAGREEN SISTEMA DE CULTIVO PROFESIONAL (6 niveles) - INSTAGREEN<\/title>\n<meta name=\"description\" content=\"Un sistema de cultivo sencillo, f\u00e1cil de usar y rentable. Desarrollado y utilizado ya muchos a\u00f1os con excito en la granja urbana InstaGreen.eu de Barcelona.\" \/>\n<meta name=\"robots\" content=\"index, follow, max-snippet:-1, max-image-preview:large, max-video-preview:-1\" \/>\n<link rel=\"canonical\" href=\"https:\/\/instagreen.eu\/es\/producto\/sistema-de-cultivo-profesional-6-niveles-12-bandejas\/\" \/>\n<meta property=\"og:locale\" content=\"es_ES\" \/>\n<meta property=\"og:type\" content=\"article\" \/>\n<meta property=\"og:title\" content=\"INSTAGREEN SISTEMA DE CULTIVO PROFESIONAL (6 niveles) - INSTAGREEN\" \/>\n<meta property=\"og:description\" content=\"Un sistema de cultivo sencillo, f\u00e1cil de usar y rentable. Desarrollado y utilizado ya muchos a\u00f1os con excito en la granja urbana InstaGreen.eu de Barcelona.\" \/>\n<meta property=\"og:url\" content=\"https:\/\/instagreen.eu\/es\/producto\/sistema-de-cultivo-profesional-6-niveles-12-bandejas\/\" \/>\n<meta property=\"og:site_name\" content=\"INSTAGREEN\" \/>\n<meta property=\"article:modified_time\" content=\"2023-08-04T17:13:37+00:00\" \/>\n<meta property=\"og:image\" content=\"https:\/\/instagreen.eu\/wp-content\/uploads\/2019\/07\/instagreen-cultivation-system01.png\" \/>\n\t<meta property=\"og:image:width\" content=\"473\" \/>\n\t<meta property=\"og:image:height\" content=\"800\" \/>\n\t<meta property=\"og:image:type\" content=\"image\/png\" \/>\n<meta name=\"twitter:card\" content=\"summary_large_image\" \/>\n<meta name=\"twitter:label1\" content=\"Tiempo de lectura\" \/>\n\t<meta name=\"twitter:data1\" content=\"2 minutos\" \/>\n<script type=\"application\/ld+json\" class=\"yoast-schema-graph\">{\"@context\":\"https:\/\/schema.org\",\"@graph\":[{\"@type\":\"WebPage\",\"@id\":\"https:\/\/instagreen.eu\/es\/producto\/sistema-de-cultivo-profesional-6-niveles-12-bandejas\/\",\"url\":\"https:\/\/instagreen.eu\/es\/producto\/sistema-de-cultivo-profesional-6-niveles-12-bandejas\/\",\"name\":\"INSTAGREEN SISTEMA DE CULTIVO PROFESIONAL (6 niveles) - INSTAGREEN\",\"isPartOf\":{\"@id\":\"https:\/\/instagreen.eu\/#website\"},\"primaryImageOfPage\":{\"@id\":\"https:\/\/instagreen.eu\/es\/producto\/sistema-de-cultivo-profesional-6-niveles-12-bandejas\/#primaryimage\"},\"image\":{\"@id\":\"https:\/\/instagreen.eu\/es\/producto\/sistema-de-cultivo-profesional-6-niveles-12-bandejas\/#primaryimage\"},\"thumbnailUrl\":\"https:\/\/instagreen.eu\/wp-content\/uploads\/2019\/07\/instagreen-cultivation-system01.png\",\"datePublished\":\"2019-07-26T18:14:29+00:00\",\"dateModified\":\"2023-08-04T17:13:37+00:00\",\"description\":\"Un sistema de cultivo sencillo, f\u00e1cil de usar y rentable. Desarrollado y utilizado ya muchos a\u00f1os con excito en la granja urbana InstaGreen.eu de Barcelona.\",\"breadcrumb\":{\"@id\":\"https:\/\/instagreen.eu\/es\/producto\/sistema-de-cultivo-profesional-6-niveles-12-bandejas\/#breadcrumb\"},\"inLanguage\":\"es\",\"potentialAction\":[{\"@type\":\"ReadAction\",\"target\":[\"https:\/\/instagreen.eu\/es\/producto\/sistema-de-cultivo-profesional-6-niveles-12-bandejas\/\"]}]},{\"@type\":\"ImageObject\",\"inLanguage\":\"es\",\"@id\":\"https:\/\/instagreen.eu\/es\/producto\/sistema-de-cultivo-profesional-6-niveles-12-bandejas\/#primaryimage\",\"url\":\"https:\/\/instagreen.eu\/wp-content\/uploads\/2019\/07\/instagreen-cultivation-system01.png\",\"contentUrl\":\"https:\/\/instagreen.eu\/wp-content\/uploads\/2019\/07\/instagreen-cultivation-system01.png\",\"width\":473,\"height\":800,\"caption\":\"InstaGreen sistema de cultivo\"},{\"@type\":\"BreadcrumbList\",\"@id\":\"https:\/\/instagreen.eu\/es\/producto\/sistema-de-cultivo-profesional-6-niveles-12-bandejas\/#breadcrumb\",\"itemListElement\":[{\"@type\":\"ListItem\",\"position\":1,\"name\":\"Home\",\"item\":\"https:\/\/instagreen.eu\/es\/\"},{\"@type\":\"ListItem\",\"position\":2,\"name\":\"TIENDA\",\"item\":\"https:\/\/instagreen.eu\/es\/tienda\/\"},{\"@type\":\"ListItem\",\"position\":3,\"name\":\"INSTAGREEN SISTEMA DE CULTIVO PROFESIONAL (6 niveles)\"}]},{\"@type\":\"WebSite\",\"@id\":\"https:\/\/instagreen.eu\/#website\",\"url\":\"https:\/\/instagreen.eu\/\",\"name\":\"INSTAGREEN\",\"description\":\"Enjoy living local greens.\",\"potentialAction\":[{\"@type\":\"SearchAction\",\"target\":{\"@type\":\"EntryPoint\",\"urlTemplate\":\"https:\/\/instagreen.eu\/?s={search_term_string}\"},\"query-input\":{\"@type\":\"PropertyValueSpecification\",\"valueRequired\":true,\"valueName\":\"search_term_string\"}}],\"inLanguage\":\"es\"}]}<\/script>\n<!-- \/ Yoast SEO plugin. -->","yoast_head_json":{"title":"INSTAGREEN SISTEMA DE CULTIVO PROFESIONAL (6 niveles) - INSTAGREEN","description":"Un sistema de cultivo sencillo, f\u00e1cil de usar y rentable. Desarrollado y utilizado ya muchos a\u00f1os con excito en la granja urbana InstaGreen.eu de Barcelona.","robots":{"index":"index","follow":"follow","max-snippet":"max-snippet:-1","max-image-preview":"max-image-preview:large","max-video-preview":"max-video-preview:-1"},"canonical":"https:\/\/instagreen.eu\/es\/producto\/sistema-de-cultivo-profesional-6-niveles-12-bandejas\/","og_locale":"es_ES","og_type":"article","og_title":"INSTAGREEN SISTEMA DE CULTIVO PROFESIONAL (6 niveles) - INSTAGREEN","og_description":"Un sistema de cultivo sencillo, f\u00e1cil de usar y rentable. Desarrollado y utilizado ya muchos a\u00f1os con excito en la granja urbana InstaGreen.eu de Barcelona.","og_url":"https:\/\/instagreen.eu\/es\/producto\/sistema-de-cultivo-profesional-6-niveles-12-bandejas\/","og_site_name":"INSTAGREEN","article_modified_time":"2023-08-04T17:13:37+00:00","og_image":[{"width":473,"height":800,"url":"https:\/\/instagreen.eu\/wp-content\/uploads\/2019\/07\/instagreen-cultivation-system01.png","type":"image\/png"}],"twitter_card":"summary_large_image","twitter_misc":{"Tiempo de lectura":"2 minutos"},"schema":{"@context":"https:\/\/schema.org","@graph":[{"@type":"WebPage","@id":"https:\/\/instagreen.eu\/es\/producto\/sistema-de-cultivo-profesional-6-niveles-12-bandejas\/","url":"https:\/\/instagreen.eu\/es\/producto\/sistema-de-cultivo-profesional-6-niveles-12-bandejas\/","name":"INSTAGREEN SISTEMA DE CULTIVO PROFESIONAL (6 niveles) - INSTAGREEN","isPartOf":{"@id":"https:\/\/instagreen.eu\/#website"},"primaryImageOfPage":{"@id":"https:\/\/instagreen.eu\/es\/producto\/sistema-de-cultivo-profesional-6-niveles-12-bandejas\/#primaryimage"},"image":{"@id":"https:\/\/instagreen.eu\/es\/producto\/sistema-de-cultivo-profesional-6-niveles-12-bandejas\/#primaryimage"},"thumbnailUrl":"https:\/\/instagreen.eu\/wp-content\/uploads\/2019\/07\/instagreen-cultivation-system01.png","datePublished":"2019-07-26T18:14:29+00:00","dateModified":"2023-08-04T17:13:37+00:00","description":"Un sistema de cultivo sencillo, f\u00e1cil de usar y rentable. Desarrollado y utilizado ya muchos a\u00f1os con excito en la granja urbana InstaGreen.eu de Barcelona.","breadcrumb":{"@id":"https:\/\/instagreen.eu\/es\/producto\/sistema-de-cultivo-profesional-6-niveles-12-bandejas\/#breadcrumb"},"inLanguage":"es","potentialAction":[{"@type":"ReadAction","target":["https:\/\/instagreen.eu\/es\/producto\/sistema-de-cultivo-profesional-6-niveles-12-bandejas\/"]}]},{"@type":"ImageObject","inLanguage":"es","@id":"https:\/\/instagreen.eu\/es\/producto\/sistema-de-cultivo-profesional-6-niveles-12-bandejas\/#primaryimage","url":"https:\/\/instagreen.eu\/wp-content\/uploads\/2019\/07\/instagreen-cultivation-system01.png","contentUrl":"https:\/\/instagreen.eu\/wp-content\/uploads\/2019\/07\/instagreen-cultivation-system01.png","width":473,"height":800,"caption":"InstaGreen sistema de cultivo"},{"@type":"BreadcrumbList","@id":"https:\/\/instagreen.eu\/es\/producto\/sistema-de-cultivo-profesional-6-niveles-12-bandejas\/#breadcrumb","itemListElement":[{"@type":"ListItem","position":1,"name":"Home","item":"https:\/\/instagreen.eu\/es\/"},{"@type":"ListItem","position":2,"name":"TIENDA","item":"https:\/\/instagreen.eu\/es\/tienda\/"},{"@type":"ListItem","position":3,"name":"INSTAGREEN SISTEMA DE CULTIVO PROFESIONAL (6 niveles)"}]},{"@type":"WebSite","@id":"https:\/\/instagreen.eu\/#website","url":"https:\/\/instagreen.eu\/","name":"INSTAGREEN","description":"Enjoy living local greens.","potentialAction":[{"@type":"SearchAction","target":{"@type":"EntryPoint","urlTemplate":"https:\/\/instagreen.eu\/?s={search_term_string}"},"query-input":{"@type":"PropertyValueSpecification","valueRequired":true,"valueName":"search_term_string"}}],"inLanguage":"es"}]}},"_links":{"self":[{"href":"https:\/\/instagreen.eu\/es\/wp-json\/wp\/v2\/product\/48638","targetHints":{"allow":["GET"]}}],"collection":[{"href":"https:\/\/instagreen.eu\/es\/wp-json\/wp\/v2\/product"}],"about":[{"href":"https:\/\/instagreen.eu\/es\/wp-json\/wp\/v2\/types\/product"}],"wp:featuredmedia":[{"embeddable":true,"href":"https:\/\/instagreen.eu\/es\/wp-json\/wp\/v2\/media\/2449"}],"wp:attachment":[{"href":"https:\/\/instagreen.eu\/es\/wp-json\/wp\/v2\/media?parent=48638"}],"wp:term":[{"taxonomy":"product_cat","embeddable":true,"href":"https:\/\/instagreen.eu\/es\/wp-json\/wp\/v2\/product_cat?post=48638"},{"taxonomy":"product_tag","embeddable":true,"href":"https:\/\/instagreen.eu\/es\/wp-json\/wp\/v2\/product_tag?post=48638"}],"curies":[{"name":"wp","href":"https:\/\/api.w.org\/{rel}","templated":true}]}}