{"id":48639,"date":"2020-08-14T11:21:46","date_gmt":"2020-08-14T11:21:46","guid":{"rendered":"https:\/\/instagreen.eu\/product\/pro-training-1on1\/"},"modified":"2023-08-03T16:08:50","modified_gmt":"2023-08-03T16:08:50","slug":"pro-training-1on1","status":"publish","type":"product","link":"https:\/\/instagreen.eu\/es\/producto\/pro-training-1on1\/","title":{"rendered":"FORMACI\u00d3N PROFESIONAL PRIVADA \u2013 3+1 D\u00cdAS EN BARCELONA \/ ONLINE"},"content":{"rendered":"<div class=\"fusion-fullwidth fullwidth-box fusion-builder-row-1 nonhundred-percent-fullwidth non-hundred-percent-height-scrolling\" style=\"--awb-border-radius-top-left:0px;--awb-border-radius-top-right:0px;--awb-border-radius-bottom-right:0px;--awb-border-radius-bottom-left:0px;--awb-flex-wrap:wrap;\" ><div class=\"fusion-builder-row fusion-row\"><div class=\"fusion-layout-column fusion_builder_column fusion-builder-column-0 fusion_builder_column_1_1 1_1 fusion-one-full fusion-column-first fusion-column-last\" style=\"--awb-bg-size:cover;\"><div class=\"fusion-column-wrapper fusion-flex-column-wrapper-legacy\"><div class=\"fusion-text fusion-text-1\"><h3>\u00bfSue\u00f1as con montar su propia granja urbana pero no sabe c\u00f3mo?<\/h3>\n<p>En InstaGreen, tenemos m\u00e1s de 9 a\u00f1os de experiencia en la investigaci\u00f3n y gesti\u00f3n de una microgranja hidrop\u00f3nica urbana de interior. En estos a\u00f1os hemos invertido nuestro tiempo y dinero en investigaci\u00f3n y desarrollo. Hemos probado mucho, cometido muchos errores y aprendido a\u00fan m\u00e1s lecciones. Nos encantar\u00eda ense\u00f1arte las lecciones que hemos aprendido, \u00a1para que no tengas que cometer los mismos errores!<\/p>\n<h3>Programa de formaci\u00f3n<\/h3>\n<p>D\u00eda 1: C\u00f3mo cultivar microgreens<\/p>\n<p>D\u00eda 2: Espacio y sistemas de cultivo<\/p>\n<p>D\u00eda 3: El negocio de los microgreens<\/p>\n<p>Bonificaci\u00f3n: 8 horas de apoyo dedicado a la construcci\u00f3n de su negocio<\/p>\n<h3>Lugar<\/h3>\n<p>Esta formaci\u00f3n se puede hacer en nuestra granja urbana en Barcelona, para que veas, sientas y pruebes todos los detalles del negocio del cultivo de microgreens, o se puede hacerlo online, t\u00fa decides qu\u00e9 funciona mejor para ti.<\/p>\n<p><a href=\"https:\/\/instagreen.eu\/es\/formacion-profesional-empieza-tu-propia-granja-urbana-sostenible-de-brotes\/\" target=\"_blank\" rel=\"noopener noreferrer\">M\u00e1s informaci\u00f3n aqu\u00ed <\/a><\/p>\n<\/div><div class=\"fusion-clearfix\"><\/div><\/div><\/div><\/div><\/div>\n","protected":false},"excerpt":{"rendered":"<p>En 3 d\u00edas te ense\u00f1amos personalmente todo lo que necesitas saber sobre el cultivo profesional de microgreens.<\/p>\n<p>Esta formaci\u00f3n privada est\u00e1 desarrollada para que puedas ponerte manos a la obra, sin gastar decenas de miles de euros en investigaci\u00f3n, desarrollo y cometer errores reinventando la rueda.<\/p>\n<p>Despu\u00e9s de 3 d\u00edas de formaci\u00f3n a medida, ya sea en nuestra granja en Barcelona o en l\u00ednea, eres un verdadero agricultor urbano, capaz de empezar a cultivar microgreens de inmediato y construir un negocio rentable de eso.<\/p>\n<p>Adem\u00e1s, recibir\u00e1s 8 horas de asesoramiento por nuestra parte. Te apoyamos 1 a 1 en tu proyecto espec\u00edfico de agricultura urbana. T\u00fa decides cu\u00e1ndo y en qu\u00e9 temas u obst\u00e1culos podemos ayudarte mejor.<\/p>\n","protected":false},"featured_media":2663,"template":"","meta":[],"product_cat":[89,103],"product_tag":[104],"class_list":{"0":"post-48639","1":"product","2":"type-product","3":"status-publish","4":"has-post-thumbnail","6":"product_cat-profesionales","7":"product_cat-trainings-es","8":"product_tag-materials-es","10":"first","11":"instock","12":"featured","13":"purchasable","14":"product-type-simple"},"yoast_head":"<!-- This site is optimized with the Yoast SEO plugin v24.0 - https:\/\/yoast.com\/wordpress\/plugins\/seo\/ -->\n<title>FORMACI\u00d3N PROFESIONAL PRIVADA DE 3+1 D\u00cdAS<\/title>\n<meta name=\"description\" content=\"En 3 d\u00edas en nuestro huerto urbano o en l\u00ednea, te ense\u00f1amos todo lo que necesitas saber de la agricultura profesional de brotes, germinados y microverduras.\" \/>\n<meta name=\"robots\" content=\"index, follow, max-snippet:-1, max-image-preview:large, max-video-preview:-1\" \/>\n<link rel=\"canonical\" href=\"https:\/\/instagreen.eu\/es\/producto\/pro-training-1on1\/\" \/>\n<meta property=\"og:locale\" content=\"es_ES\" \/>\n<meta property=\"og:type\" content=\"article\" \/>\n<meta property=\"og:title\" content=\"FORMACI\u00d3N PROFESIONAL PRIVADA DE 3+1 D\u00cdAS\" \/>\n<meta property=\"og:description\" content=\"En 3 d\u00edas en nuestro huerto urbano o en l\u00ednea, te ense\u00f1amos todo lo que necesitas saber de la agricultura profesional de brotes, germinados y microverduras.\" \/>\n<meta property=\"og:url\" content=\"https:\/\/instagreen.eu\/es\/producto\/pro-training-1on1\/\" \/>\n<meta property=\"og:site_name\" content=\"INSTAGREEN\" \/>\n<meta property=\"article:modified_time\" content=\"2023-08-03T16:08:50+00:00\" \/>\n<meta property=\"og:image\" content=\"https:\/\/instagreen.eu\/wp-content\/uploads\/2019\/08\/instagreen-training-how-does-the-cultivation-system-work.jpg\" \/>\n\t<meta property=\"og:image:width\" content=\"960\" \/>\n\t<meta property=\"og:image:height\" content=\"960\" \/>\n\t<meta property=\"og:image:type\" content=\"image\/jpeg\" \/>\n<meta name=\"twitter:card\" content=\"summary_large_image\" \/>\n<meta name=\"twitter:label1\" content=\"Tiempo de lectura\" \/>\n\t<meta name=\"twitter:data1\" content=\"2 minutos\" \/>\n<script type=\"application\/ld+json\" class=\"yoast-schema-graph\">{\"@context\":\"https:\/\/schema.org\",\"@graph\":[{\"@type\":\"WebPage\",\"@id\":\"https:\/\/instagreen.eu\/es\/producto\/pro-training-1on1\/\",\"url\":\"https:\/\/instagreen.eu\/es\/producto\/pro-training-1on1\/\",\"name\":\"FORMACI\u00d3N PROFESIONAL PRIVADA DE 3+1 D\u00cdAS\",\"isPartOf\":{\"@id\":\"https:\/\/instagreen.eu\/#website\"},\"primaryImageOfPage\":{\"@id\":\"https:\/\/instagreen.eu\/es\/producto\/pro-training-1on1\/#primaryimage\"},\"image\":{\"@id\":\"https:\/\/instagreen.eu\/es\/producto\/pro-training-1on1\/#primaryimage\"},\"thumbnailUrl\":\"https:\/\/instagreen.eu\/wp-content\/uploads\/2019\/08\/instagreen-training-how-does-the-cultivation-system-work.jpg\",\"datePublished\":\"2020-08-14T11:21:46+00:00\",\"dateModified\":\"2023-08-03T16:08:50+00:00\",\"description\":\"En 3 d\u00edas en nuestro huerto urbano o en l\u00ednea, te ense\u00f1amos todo lo que necesitas saber de la agricultura profesional de brotes, germinados y microverduras.\",\"breadcrumb\":{\"@id\":\"https:\/\/instagreen.eu\/es\/producto\/pro-training-1on1\/#breadcrumb\"},\"inLanguage\":\"es\",\"potentialAction\":[{\"@type\":\"ReadAction\",\"target\":[\"https:\/\/instagreen.eu\/es\/producto\/pro-training-1on1\/\"]}]},{\"@type\":\"ImageObject\",\"inLanguage\":\"es\",\"@id\":\"https:\/\/instagreen.eu\/es\/producto\/pro-training-1on1\/#primaryimage\",\"url\":\"https:\/\/instagreen.eu\/wp-content\/uploads\/2019\/08\/instagreen-training-how-does-the-cultivation-system-work.jpg\",\"contentUrl\":\"https:\/\/instagreen.eu\/wp-content\/uploads\/2019\/08\/instagreen-training-how-does-the-cultivation-system-work.jpg\",\"width\":960,\"height\":960,\"caption\":\"Formacion de como funcione el sistema de alto rendimiento\"},{\"@type\":\"BreadcrumbList\",\"@id\":\"https:\/\/instagreen.eu\/es\/producto\/pro-training-1on1\/#breadcrumb\",\"itemListElement\":[{\"@type\":\"ListItem\",\"position\":1,\"name\":\"Home\",\"item\":\"https:\/\/instagreen.eu\/es\/\"},{\"@type\":\"ListItem\",\"position\":2,\"name\":\"TIENDA\",\"item\":\"https:\/\/instagreen.eu\/es\/tienda\/\"},{\"@type\":\"ListItem\",\"position\":3,\"name\":\"FORMACI\u00d3N PROFESIONAL PRIVADA \u2013 3+1 D\u00cdAS EN BARCELONA \/ ONLINE\"}]},{\"@type\":\"WebSite\",\"@id\":\"https:\/\/instagreen.eu\/#website\",\"url\":\"https:\/\/instagreen.eu\/\",\"name\":\"INSTAGREEN\",\"description\":\"Enjoy living local greens.\",\"potentialAction\":[{\"@type\":\"SearchAction\",\"target\":{\"@type\":\"EntryPoint\",\"urlTemplate\":\"https:\/\/instagreen.eu\/?s={search_term_string}\"},\"query-input\":{\"@type\":\"PropertyValueSpecification\",\"valueRequired\":true,\"valueName\":\"search_term_string\"}}],\"inLanguage\":\"es\"}]}<\/script>\n<!-- \/ Yoast SEO plugin. -->","yoast_head_json":{"title":"FORMACI\u00d3N PROFESIONAL PRIVADA DE 3+1 D\u00cdAS","description":"En 3 d\u00edas en nuestro huerto urbano o en l\u00ednea, te ense\u00f1amos todo lo que necesitas saber de la agricultura profesional de brotes, germinados y microverduras.","robots":{"index":"index","follow":"follow","max-snippet":"max-snippet:-1","max-image-preview":"max-image-preview:large","max-video-preview":"max-video-preview:-1"},"canonical":"https:\/\/instagreen.eu\/es\/producto\/pro-training-1on1\/","og_locale":"es_ES","og_type":"article","og_title":"FORMACI\u00d3N PROFESIONAL PRIVADA DE 3+1 D\u00cdAS","og_description":"En 3 d\u00edas en nuestro huerto urbano o en l\u00ednea, te ense\u00f1amos todo lo que necesitas saber de la agricultura profesional de brotes, germinados y microverduras.","og_url":"https:\/\/instagreen.eu\/es\/producto\/pro-training-1on1\/","og_site_name":"INSTAGREEN","article_modified_time":"2023-08-03T16:08:50+00:00","og_image":[{"width":960,"height":960,"url":"https:\/\/instagreen.eu\/wp-content\/uploads\/2019\/08\/instagreen-training-how-does-the-cultivation-system-work.jpg","type":"image\/jpeg"}],"twitter_card":"summary_large_image","twitter_misc":{"Tiempo de lectura":"2 minutos"},"schema":{"@context":"https:\/\/schema.org","@graph":[{"@type":"WebPage","@id":"https:\/\/instagreen.eu\/es\/producto\/pro-training-1on1\/","url":"https:\/\/instagreen.eu\/es\/producto\/pro-training-1on1\/","name":"FORMACI\u00d3N PROFESIONAL PRIVADA DE 3+1 D\u00cdAS","isPartOf":{"@id":"https:\/\/instagreen.eu\/#website"},"primaryImageOfPage":{"@id":"https:\/\/instagreen.eu\/es\/producto\/pro-training-1on1\/#primaryimage"},"image":{"@id":"https:\/\/instagreen.eu\/es\/producto\/pro-training-1on1\/#primaryimage"},"thumbnailUrl":"https:\/\/instagreen.eu\/wp-content\/uploads\/2019\/08\/instagreen-training-how-does-the-cultivation-system-work.jpg","datePublished":"2020-08-14T11:21:46+00:00","dateModified":"2023-08-03T16:08:50+00:00","description":"En 3 d\u00edas en nuestro huerto urbano o en l\u00ednea, te ense\u00f1amos todo lo que necesitas saber de la agricultura profesional de brotes, germinados y microverduras.","breadcrumb":{"@id":"https:\/\/instagreen.eu\/es\/producto\/pro-training-1on1\/#breadcrumb"},"inLanguage":"es","potentialAction":[{"@type":"ReadAction","target":["https:\/\/instagreen.eu\/es\/producto\/pro-training-1on1\/"]}]},{"@type":"ImageObject","inLanguage":"es","@id":"https:\/\/instagreen.eu\/es\/producto\/pro-training-1on1\/#primaryimage","url":"https:\/\/instagreen.eu\/wp-content\/uploads\/2019\/08\/instagreen-training-how-does-the-cultivation-system-work.jpg","contentUrl":"https:\/\/instagreen.eu\/wp-content\/uploads\/2019\/08\/instagreen-training-how-does-the-cultivation-system-work.jpg","width":960,"height":960,"caption":"Formacion de como funcione el sistema de alto rendimiento"},{"@type":"BreadcrumbList","@id":"https:\/\/instagreen.eu\/es\/producto\/pro-training-1on1\/#breadcrumb","itemListElement":[{"@type":"ListItem","position":1,"name":"Home","item":"https:\/\/instagreen.eu\/es\/"},{"@type":"ListItem","position":2,"name":"TIENDA","item":"https:\/\/instagreen.eu\/es\/tienda\/"},{"@type":"ListItem","position":3,"name":"FORMACI\u00d3N PROFESIONAL PRIVADA \u2013 3+1 D\u00cdAS EN BARCELONA \/ ONLINE"}]},{"@type":"WebSite","@id":"https:\/\/instagreen.eu\/#website","url":"https:\/\/instagreen.eu\/","name":"INSTAGREEN","description":"Enjoy living local greens.","potentialAction":[{"@type":"SearchAction","target":{"@type":"EntryPoint","urlTemplate":"https:\/\/instagreen.eu\/?s={search_term_string}"},"query-input":{"@type":"PropertyValueSpecification","valueRequired":true,"valueName":"search_term_string"}}],"inLanguage":"es"}]}},"_links":{"self":[{"href":"https:\/\/instagreen.eu\/es\/wp-json\/wp\/v2\/product\/48639","targetHints":{"allow":["GET"]}}],"collection":[{"href":"https:\/\/instagreen.eu\/es\/wp-json\/wp\/v2\/product"}],"about":[{"href":"https:\/\/instagreen.eu\/es\/wp-json\/wp\/v2\/types\/product"}],"wp:featuredmedia":[{"embeddable":true,"href":"https:\/\/instagreen.eu\/es\/wp-json\/wp\/v2\/media\/2663"}],"wp:attachment":[{"href":"https:\/\/instagreen.eu\/es\/wp-json\/wp\/v2\/media?parent=48639"}],"wp:term":[{"taxonomy":"product_cat","embeddable":true,"href":"https:\/\/instagreen.eu\/es\/wp-json\/wp\/v2\/product_cat?post=48639"},{"taxonomy":"product_tag","embeddable":true,"href":"https:\/\/instagreen.eu\/es\/wp-json\/wp\/v2\/product_tag?post=48639"}],"curies":[{"name":"wp","href":"https:\/\/api.w.org\/{rel}","templated":true}]}}