{"id":48640,"date":"2022-11-18T12:49:31","date_gmt":"2022-11-18T12:49:31","guid":{"rendered":"https:\/\/instagreen.eu\/product\/instagreen-recycled-recyclable-ps-cups-1512-cups\/"},"modified":"2023-08-04T17:07:09","modified_gmt":"2023-08-04T17:07:09","slug":"bandejas-ps-reciclados-reciclables-instagreen-1512-unidades","status":"publish","type":"product","link":"https:\/\/instagreen.eu\/es\/producto\/bandejas-ps-reciclados-reciclables-instagreen-1512-unidades\/","title":{"rendered":"BANDEJAS PS RECICLADOS + RECICLABLES INSTAGREEN (1512 unidades)"},"content":{"rendered":"<div class=\"fusion-fullwidth fullwidth-box fusion-builder-row-1 nonhundred-percent-fullwidth non-hundred-percent-height-scrolling\" style=\"--awb-border-radius-top-left:0px;--awb-border-radius-top-right:0px;--awb-border-radius-bottom-right:0px;--awb-border-radius-bottom-left:0px;--awb-flex-wrap:wrap;\" ><div class=\"fusion-builder-row fusion-row\"><div class=\"fusion-layout-column fusion_builder_column fusion-builder-column-0 fusion_builder_column_1_1 1_1 fusion-one-full fusion-column-first fusion-column-last\" style=\"--awb-bg-size:cover;\"><div class=\"fusion-column-wrapper fusion-flex-column-wrapper-legacy\"><div class=\"fusion-text fusion-text-1\"><p>Caja de 1512 bandejas peque\u00f1as de PS reciclado y reciclable. Tama\u00f1o 10 x 14,5 cm y 5 cm de alto \/ 4\u2033 x 5,7\u2033 x 2\u2033. Cada bandeja de riego grande InstaGreen puede contener 40 de estas bandejas peque\u00f1as. Las l\u00e1minas de cultivo de celulosa InstaGreen de 115 x 75 mm encajan perfectamente en estas bandejas peque\u00f1as.<\/p>\n<\/div><div class=\"fusion-clearfix\"><\/div><\/div><\/div><\/div><\/div>\n","protected":false},"excerpt":{"rendered":"","protected":false},"featured_media":48470,"template":"","meta":[],"product_cat":[107,89,106],"product_tag":[104],"class_list":{"0":"post-48640","1":"product","2":"type-product","3":"status-publish","4":"has-post-thumbnail","6":"product_cat-materials","7":"product_cat-profesionales","8":"product_cat-tools-es","9":"product_tag-materials-es","11":"first","12":"instock","13":"featured","14":"purchasable","15":"product-type-simple"},"yoast_head":"<!-- This site is optimized with the Yoast SEO plugin v24.0 - https:\/\/yoast.com\/wordpress\/plugins\/seo\/ -->\n<title>BANDEJAS PS RECICLADOS + RECICLABLES - INSTAGREEN<\/title>\n<meta name=\"description\" content=\"Bandejas peque\u00f1as de PS reciclado y reciclable para cultivo. Utilizar en combinaci\u00f3n con laminas de celulosa InstaGreen, o otro medio de cultivo.\" \/>\n<meta name=\"robots\" content=\"index, follow, max-snippet:-1, max-image-preview:large, max-video-preview:-1\" \/>\n<link rel=\"canonical\" href=\"https:\/\/instagreen.eu\/es\/producto\/bandejas-ps-reciclados-reciclables-instagreen-1512-unidades\/\" \/>\n<meta property=\"og:locale\" content=\"es_ES\" \/>\n<meta property=\"og:type\" content=\"article\" \/>\n<meta property=\"og:title\" content=\"BANDEJAS PS RECICLADOS + RECICLABLES - INSTAGREEN\" \/>\n<meta property=\"og:description\" content=\"Bandejas peque\u00f1as de PS reciclado y reciclable para cultivo. Utilizar en combinaci\u00f3n con laminas de celulosa InstaGreen, o otro medio de cultivo.\" \/>\n<meta property=\"og:url\" content=\"https:\/\/instagreen.eu\/es\/producto\/bandejas-ps-reciclados-reciclables-instagreen-1512-unidades\/\" \/>\n<meta property=\"og:site_name\" content=\"INSTAGREEN\" \/>\n<meta property=\"article:modified_time\" content=\"2023-08-04T17:07:09+00:00\" \/>\n<meta property=\"og:image\" content=\"https:\/\/instagreen.eu\/wp-content\/uploads\/2022\/11\/PS-cups.jpg\" \/>\n\t<meta property=\"og:image:width\" content=\"800\" \/>\n\t<meta property=\"og:image:height\" content=\"800\" \/>\n\t<meta property=\"og:image:type\" content=\"image\/jpeg\" \/>\n<meta name=\"twitter:card\" content=\"summary_large_image\" \/>\n<meta name=\"twitter:label1\" content=\"Tiempo de lectura\" \/>\n\t<meta name=\"twitter:data1\" content=\"1 minuto\" \/>\n<script type=\"application\/ld+json\" class=\"yoast-schema-graph\">{\"@context\":\"https:\/\/schema.org\",\"@graph\":[{\"@type\":\"WebPage\",\"@id\":\"https:\/\/instagreen.eu\/es\/producto\/bandejas-ps-reciclados-reciclables-instagreen-1512-unidades\/\",\"url\":\"https:\/\/instagreen.eu\/es\/producto\/bandejas-ps-reciclados-reciclables-instagreen-1512-unidades\/\",\"name\":\"BANDEJAS PS RECICLADOS + RECICLABLES - INSTAGREEN\",\"isPartOf\":{\"@id\":\"https:\/\/instagreen.eu\/#website\"},\"primaryImageOfPage\":{\"@id\":\"https:\/\/instagreen.eu\/es\/producto\/bandejas-ps-reciclados-reciclables-instagreen-1512-unidades\/#primaryimage\"},\"image\":{\"@id\":\"https:\/\/instagreen.eu\/es\/producto\/bandejas-ps-reciclados-reciclables-instagreen-1512-unidades\/#primaryimage\"},\"thumbnailUrl\":\"https:\/\/instagreen.eu\/wp-content\/uploads\/2022\/11\/PS-cups.jpg\",\"datePublished\":\"2022-11-18T12:49:31+00:00\",\"dateModified\":\"2023-08-04T17:07:09+00:00\",\"description\":\"Bandejas peque\u00f1as de PS reciclado y reciclable para cultivo. Utilizar en combinaci\u00f3n con laminas de celulosa InstaGreen, o otro medio de cultivo.\",\"breadcrumb\":{\"@id\":\"https:\/\/instagreen.eu\/es\/producto\/bandejas-ps-reciclados-reciclables-instagreen-1512-unidades\/#breadcrumb\"},\"inLanguage\":\"es\",\"potentialAction\":[{\"@type\":\"ReadAction\",\"target\":[\"https:\/\/instagreen.eu\/es\/producto\/bandejas-ps-reciclados-reciclables-instagreen-1512-unidades\/\"]}]},{\"@type\":\"ImageObject\",\"inLanguage\":\"es\",\"@id\":\"https:\/\/instagreen.eu\/es\/producto\/bandejas-ps-reciclados-reciclables-instagreen-1512-unidades\/#primaryimage\",\"url\":\"https:\/\/instagreen.eu\/wp-content\/uploads\/2022\/11\/PS-cups.jpg\",\"contentUrl\":\"https:\/\/instagreen.eu\/wp-content\/uploads\/2022\/11\/PS-cups.jpg\",\"width\":800,\"height\":800},{\"@type\":\"BreadcrumbList\",\"@id\":\"https:\/\/instagreen.eu\/es\/producto\/bandejas-ps-reciclados-reciclables-instagreen-1512-unidades\/#breadcrumb\",\"itemListElement\":[{\"@type\":\"ListItem\",\"position\":1,\"name\":\"Home\",\"item\":\"https:\/\/instagreen.eu\/es\/\"},{\"@type\":\"ListItem\",\"position\":2,\"name\":\"TIENDA\",\"item\":\"https:\/\/instagreen.eu\/es\/tienda\/\"},{\"@type\":\"ListItem\",\"position\":3,\"name\":\"BANDEJAS PS RECICLADOS + RECICLABLES INSTAGREEN (1512 unidades)\"}]},{\"@type\":\"WebSite\",\"@id\":\"https:\/\/instagreen.eu\/#website\",\"url\":\"https:\/\/instagreen.eu\/\",\"name\":\"INSTAGREEN\",\"description\":\"Enjoy living local greens.\",\"potentialAction\":[{\"@type\":\"SearchAction\",\"target\":{\"@type\":\"EntryPoint\",\"urlTemplate\":\"https:\/\/instagreen.eu\/?s={search_term_string}\"},\"query-input\":{\"@type\":\"PropertyValueSpecification\",\"valueRequired\":true,\"valueName\":\"search_term_string\"}}],\"inLanguage\":\"es\"}]}<\/script>\n<!-- \/ Yoast SEO plugin. -->","yoast_head_json":{"title":"BANDEJAS PS RECICLADOS + RECICLABLES - INSTAGREEN","description":"Bandejas peque\u00f1as de PS reciclado y reciclable para cultivo. Utilizar en combinaci\u00f3n con laminas de celulosa InstaGreen, o otro medio de cultivo.","robots":{"index":"index","follow":"follow","max-snippet":"max-snippet:-1","max-image-preview":"max-image-preview:large","max-video-preview":"max-video-preview:-1"},"canonical":"https:\/\/instagreen.eu\/es\/producto\/bandejas-ps-reciclados-reciclables-instagreen-1512-unidades\/","og_locale":"es_ES","og_type":"article","og_title":"BANDEJAS PS RECICLADOS + RECICLABLES - INSTAGREEN","og_description":"Bandejas peque\u00f1as de PS reciclado y reciclable para cultivo. Utilizar en combinaci\u00f3n con laminas de celulosa InstaGreen, o otro medio de cultivo.","og_url":"https:\/\/instagreen.eu\/es\/producto\/bandejas-ps-reciclados-reciclables-instagreen-1512-unidades\/","og_site_name":"INSTAGREEN","article_modified_time":"2023-08-04T17:07:09+00:00","og_image":[{"width":800,"height":800,"url":"https:\/\/instagreen.eu\/wp-content\/uploads\/2022\/11\/PS-cups.jpg","type":"image\/jpeg"}],"twitter_card":"summary_large_image","twitter_misc":{"Tiempo de lectura":"1 minuto"},"schema":{"@context":"https:\/\/schema.org","@graph":[{"@type":"WebPage","@id":"https:\/\/instagreen.eu\/es\/producto\/bandejas-ps-reciclados-reciclables-instagreen-1512-unidades\/","url":"https:\/\/instagreen.eu\/es\/producto\/bandejas-ps-reciclados-reciclables-instagreen-1512-unidades\/","name":"BANDEJAS PS RECICLADOS + RECICLABLES - INSTAGREEN","isPartOf":{"@id":"https:\/\/instagreen.eu\/#website"},"primaryImageOfPage":{"@id":"https:\/\/instagreen.eu\/es\/producto\/bandejas-ps-reciclados-reciclables-instagreen-1512-unidades\/#primaryimage"},"image":{"@id":"https:\/\/instagreen.eu\/es\/producto\/bandejas-ps-reciclados-reciclables-instagreen-1512-unidades\/#primaryimage"},"thumbnailUrl":"https:\/\/instagreen.eu\/wp-content\/uploads\/2022\/11\/PS-cups.jpg","datePublished":"2022-11-18T12:49:31+00:00","dateModified":"2023-08-04T17:07:09+00:00","description":"Bandejas peque\u00f1as de PS reciclado y reciclable para cultivo. Utilizar en combinaci\u00f3n con laminas de celulosa InstaGreen, o otro medio de cultivo.","breadcrumb":{"@id":"https:\/\/instagreen.eu\/es\/producto\/bandejas-ps-reciclados-reciclables-instagreen-1512-unidades\/#breadcrumb"},"inLanguage":"es","potentialAction":[{"@type":"ReadAction","target":["https:\/\/instagreen.eu\/es\/producto\/bandejas-ps-reciclados-reciclables-instagreen-1512-unidades\/"]}]},{"@type":"ImageObject","inLanguage":"es","@id":"https:\/\/instagreen.eu\/es\/producto\/bandejas-ps-reciclados-reciclables-instagreen-1512-unidades\/#primaryimage","url":"https:\/\/instagreen.eu\/wp-content\/uploads\/2022\/11\/PS-cups.jpg","contentUrl":"https:\/\/instagreen.eu\/wp-content\/uploads\/2022\/11\/PS-cups.jpg","width":800,"height":800},{"@type":"BreadcrumbList","@id":"https:\/\/instagreen.eu\/es\/producto\/bandejas-ps-reciclados-reciclables-instagreen-1512-unidades\/#breadcrumb","itemListElement":[{"@type":"ListItem","position":1,"name":"Home","item":"https:\/\/instagreen.eu\/es\/"},{"@type":"ListItem","position":2,"name":"TIENDA","item":"https:\/\/instagreen.eu\/es\/tienda\/"},{"@type":"ListItem","position":3,"name":"BANDEJAS PS RECICLADOS + RECICLABLES INSTAGREEN (1512 unidades)"}]},{"@type":"WebSite","@id":"https:\/\/instagreen.eu\/#website","url":"https:\/\/instagreen.eu\/","name":"INSTAGREEN","description":"Enjoy living local greens.","potentialAction":[{"@type":"SearchAction","target":{"@type":"EntryPoint","urlTemplate":"https:\/\/instagreen.eu\/?s={search_term_string}"},"query-input":{"@type":"PropertyValueSpecification","valueRequired":true,"valueName":"search_term_string"}}],"inLanguage":"es"}]}},"_links":{"self":[{"href":"https:\/\/instagreen.eu\/es\/wp-json\/wp\/v2\/product\/48640","targetHints":{"allow":["GET"]}}],"collection":[{"href":"https:\/\/instagreen.eu\/es\/wp-json\/wp\/v2\/product"}],"about":[{"href":"https:\/\/instagreen.eu\/es\/wp-json\/wp\/v2\/types\/product"}],"wp:featuredmedia":[{"embeddable":true,"href":"https:\/\/instagreen.eu\/es\/wp-json\/wp\/v2\/media\/48470"}],"wp:attachment":[{"href":"https:\/\/instagreen.eu\/es\/wp-json\/wp\/v2\/media?parent=48640"}],"wp:term":[{"taxonomy":"product_cat","embeddable":true,"href":"https:\/\/instagreen.eu\/es\/wp-json\/wp\/v2\/product_cat?post=48640"},{"taxonomy":"product_tag","embeddable":true,"href":"https:\/\/instagreen.eu\/es\/wp-json\/wp\/v2\/product_tag?post=48640"}],"curies":[{"name":"wp","href":"https:\/\/api.w.org\/{rel}","templated":true}]}}