{"id":49197,"date":"2024-08-05T16:25:49","date_gmt":"2024-08-05T16:25:50","guid":{"rendered":"https:\/\/instagreen.eu\/?post_type=product&#038;p=49197"},"modified":"2024-08-06T16:37:19","modified_gmt":"2024-08-06T16:37:19","slug":"laminas-de-celulosa-instagreen-1920-unidades-copy","status":"publish","type":"product","link":"https:\/\/instagreen.eu\/es\/producto\/laminas-de-celulosa-instagreen-1920-unidades-copy\/","title":{"rendered":"LAMINAS DE CELULOSA INSTAGREEN (2400 unidades)"},"content":{"rendered":"<div class=\"fusion-fullwidth fullwidth-box fusion-builder-row-1 nonhundred-percent-fullwidth non-hundred-percent-height-scrolling\" style=\"--awb-border-radius-top-left:0px;--awb-border-radius-top-right:0px;--awb-border-radius-bottom-right:0px;--awb-border-radius-bottom-left:0px;--awb-flex-wrap:wrap;\" ><div class=\"fusion-builder-row fusion-row\"><div class=\"fusion-layout-column fusion_builder_column fusion-builder-column-0 fusion_builder_column_1_1 1_1 fusion-one-full fusion-column-first fusion-column-last\" style=\"--awb-bg-size:cover;\"><div class=\"fusion-column-wrapper fusion-flex-column-wrapper-legacy\"><div class=\"fusion-text fusion-text-1\"><p>Caja de 2400 l\u00e1minas de celulosa biodegradables y compostables con el tama\u00f1o perfecto (115 x 75 mm \/ 4,5\u2033 x 3\u2033) para nuestros bandejas de PS reciclado y reciclable.<\/p>\n<p>Estas l\u00e1minas higi\u00e9nicas y f\u00e1ciles de usar est\u00e1n fabricadas de materias primas de madera, 100% v\u00edrgenes y de origen sostenible con certificaci\u00f3n ecol\u00f3gica. Y cero nutrientes a\u00f1adidos (importantes para la certificaci\u00f3n de agricultura ecol\u00f3gica).<\/p>\n<p>Las l\u00e1minas tienen una gran capacidad de retenci\u00f3n de agua y son l\u00e1minas para el contacto directo con los alimentos.<\/p>\n<p>Estas l\u00e1minas tienen una gran capacidad de retenci\u00f3n de agua\u00a0y penetraci\u00f3n en las ra\u00edces debido a su estructura de celulosa m\u00e1s abierta.<br \/>\nSu grosor reducido proporciona a los cultivadores la flexibilidad de utilizar solo una l\u00e1minas para microgreens populares, como los brotes de guisantes.<br \/>\nOtras especies suelen crecer mejor en 2 capas (igual al grosor original), seg\u00fan los m\u00e9todos de cultivo y riego utilizados.<\/p>\n<p>Para obtener instrucciones sobre c\u00f3mo cultivar microvegetales en l\u00e1minas de celulosa, ver la explicaci\u00f3n nuestros <a href=\"https:\/\/instagreen.eu\/es\/kit-de-cultivo-de-brotes\/\">kits de cultivo<\/a> y abajo de la pagina de nuestro <a href=\"https:\/\/urbanfarmingacademy.com\/growing-healthy-tasty-microgreens-basic-course\/\">curso online<\/a> (video en ingles)<\/p>\n<p>En caso de que necesite un tama\u00f1o diferente de almohadilla de celulosa, comun\u00edquese con nosotros para obtener un presupuesto personalizado: <a href=\"mailto:hello@instagreen.eu\">hello@instagreen.eu<\/a><\/p>\n<\/div><div class=\"fusion-clearfix\"><\/div><\/div><\/div><\/div><\/div>\n","protected":false},"excerpt":{"rendered":"","protected":false},"featured_media":47978,"template":"","meta":[],"product_cat":[107,89,106],"product_tag":[111,104],"class_list":{"0":"post-49197","1":"product","2":"type-product","3":"status-publish","4":"has-post-thumbnail","6":"product_cat-materials","7":"product_cat-profesionales","8":"product_cat-tools-es","9":"product_tag-biodegradable-es","10":"product_tag-materials-es","12":"first","13":"instock","14":"featured","15":"purchasable","16":"product-type-simple"},"yoast_head":"<!-- This site is optimized with the Yoast SEO plugin v24.0 - https:\/\/yoast.com\/wordpress\/plugins\/seo\/ -->\n<title>LAMINAS DE CELULOSA - ORGANICO &amp; BIODEGRADABLE<\/title>\n<meta name=\"description\" content=\"L\u00e1minas de celulosa ecol\u00f3gicas y biodegradables para cultivar brotes germinados microgreens. F\u00e1cil de utilizar. Seleccionado por InstaGreen.\" \/>\n<meta name=\"robots\" content=\"index, follow, max-snippet:-1, max-image-preview:large, max-video-preview:-1\" \/>\n<link rel=\"canonical\" href=\"https:\/\/instagreen.eu\/es\/producto\/laminas-de-celulosa-instagreen-1920-unidades-copy\/\" \/>\n<meta property=\"og:locale\" content=\"es_ES\" \/>\n<meta property=\"og:type\" content=\"article\" \/>\n<meta property=\"og:title\" content=\"LAMINAS DE CELULOSA - ORGANICO &amp; BIODEGRADABLE\" \/>\n<meta property=\"og:description\" content=\"L\u00e1minas de celulosa ecol\u00f3gicas y biodegradables para cultivar brotes germinados microgreens. F\u00e1cil de utilizar. Seleccionado por InstaGreen.\" \/>\n<meta property=\"og:url\" content=\"https:\/\/instagreen.eu\/es\/producto\/laminas-de-celulosa-instagreen-1920-unidades-copy\/\" \/>\n<meta property=\"og:site_name\" content=\"INSTAGREEN\" \/>\n<meta property=\"article:modified_time\" content=\"2024-08-06T16:37:19+00:00\" \/>\n<meta property=\"og:image\" content=\"https:\/\/instagreen.eu\/wp-content\/uploads\/2020\/08\/IMG_3383-cellulose.jpg\" \/>\n\t<meta property=\"og:image:width\" content=\"800\" \/>\n\t<meta property=\"og:image:height\" content=\"800\" \/>\n\t<meta property=\"og:image:type\" content=\"image\/jpeg\" \/>\n<meta name=\"twitter:card\" content=\"summary_large_image\" \/>\n<meta name=\"twitter:label1\" content=\"Tiempo de lectura\" \/>\n\t<meta name=\"twitter:data1\" content=\"1 minuto\" \/>\n<script type=\"application\/ld+json\" class=\"yoast-schema-graph\">{\"@context\":\"https:\/\/schema.org\",\"@graph\":[{\"@type\":\"WebPage\",\"@id\":\"https:\/\/instagreen.eu\/es\/producto\/laminas-de-celulosa-instagreen-1920-unidades-copy\/\",\"url\":\"https:\/\/instagreen.eu\/es\/producto\/laminas-de-celulosa-instagreen-1920-unidades-copy\/\",\"name\":\"LAMINAS DE CELULOSA - ORGANICO & BIODEGRADABLE\",\"isPartOf\":{\"@id\":\"https:\/\/instagreen.eu\/#website\"},\"primaryImageOfPage\":{\"@id\":\"https:\/\/instagreen.eu\/es\/producto\/laminas-de-celulosa-instagreen-1920-unidades-copy\/#primaryimage\"},\"image\":{\"@id\":\"https:\/\/instagreen.eu\/es\/producto\/laminas-de-celulosa-instagreen-1920-unidades-copy\/#primaryimage\"},\"thumbnailUrl\":\"https:\/\/instagreen.eu\/wp-content\/uploads\/2020\/08\/IMG_3383-cellulose.jpg\",\"datePublished\":\"2024-08-05T16:25:50+00:00\",\"dateModified\":\"2024-08-06T16:37:19+00:00\",\"description\":\"L\u00e1minas de celulosa ecol\u00f3gicas y biodegradables para cultivar brotes germinados microgreens. F\u00e1cil de utilizar. Seleccionado por InstaGreen.\",\"breadcrumb\":{\"@id\":\"https:\/\/instagreen.eu\/es\/producto\/laminas-de-celulosa-instagreen-1920-unidades-copy\/#breadcrumb\"},\"inLanguage\":\"es\",\"potentialAction\":[{\"@type\":\"ReadAction\",\"target\":[\"https:\/\/instagreen.eu\/es\/producto\/laminas-de-celulosa-instagreen-1920-unidades-copy\/\"]}]},{\"@type\":\"ImageObject\",\"inLanguage\":\"es\",\"@id\":\"https:\/\/instagreen.eu\/es\/producto\/laminas-de-celulosa-instagreen-1920-unidades-copy\/#primaryimage\",\"url\":\"https:\/\/instagreen.eu\/wp-content\/uploads\/2020\/08\/IMG_3383-cellulose.jpg\",\"contentUrl\":\"https:\/\/instagreen.eu\/wp-content\/uploads\/2020\/08\/IMG_3383-cellulose.jpg\",\"width\":800,\"height\":800},{\"@type\":\"BreadcrumbList\",\"@id\":\"https:\/\/instagreen.eu\/es\/producto\/laminas-de-celulosa-instagreen-1920-unidades-copy\/#breadcrumb\",\"itemListElement\":[{\"@type\":\"ListItem\",\"position\":1,\"name\":\"Home\",\"item\":\"https:\/\/instagreen.eu\/es\/\"},{\"@type\":\"ListItem\",\"position\":2,\"name\":\"TIENDA\",\"item\":\"https:\/\/instagreen.eu\/es\/tienda\/\"},{\"@type\":\"ListItem\",\"position\":3,\"name\":\"LAMINAS DE CELULOSA INSTAGREEN (2400 unidades)\"}]},{\"@type\":\"WebSite\",\"@id\":\"https:\/\/instagreen.eu\/#website\",\"url\":\"https:\/\/instagreen.eu\/\",\"name\":\"INSTAGREEN\",\"description\":\"Enjoy living local greens.\",\"potentialAction\":[{\"@type\":\"SearchAction\",\"target\":{\"@type\":\"EntryPoint\",\"urlTemplate\":\"https:\/\/instagreen.eu\/?s={search_term_string}\"},\"query-input\":{\"@type\":\"PropertyValueSpecification\",\"valueRequired\":true,\"valueName\":\"search_term_string\"}}],\"inLanguage\":\"es\"}]}<\/script>\n<!-- \/ Yoast SEO plugin. -->","yoast_head_json":{"title":"LAMINAS DE CELULOSA - ORGANICO & BIODEGRADABLE","description":"L\u00e1minas de celulosa ecol\u00f3gicas y biodegradables para cultivar brotes germinados microgreens. F\u00e1cil de utilizar. Seleccionado por InstaGreen.","robots":{"index":"index","follow":"follow","max-snippet":"max-snippet:-1","max-image-preview":"max-image-preview:large","max-video-preview":"max-video-preview:-1"},"canonical":"https:\/\/instagreen.eu\/es\/producto\/laminas-de-celulosa-instagreen-1920-unidades-copy\/","og_locale":"es_ES","og_type":"article","og_title":"LAMINAS DE CELULOSA - ORGANICO & BIODEGRADABLE","og_description":"L\u00e1minas de celulosa ecol\u00f3gicas y biodegradables para cultivar brotes germinados microgreens. F\u00e1cil de utilizar. Seleccionado por InstaGreen.","og_url":"https:\/\/instagreen.eu\/es\/producto\/laminas-de-celulosa-instagreen-1920-unidades-copy\/","og_site_name":"INSTAGREEN","article_modified_time":"2024-08-06T16:37:19+00:00","og_image":[{"width":800,"height":800,"url":"https:\/\/instagreen.eu\/wp-content\/uploads\/2020\/08\/IMG_3383-cellulose.jpg","type":"image\/jpeg"}],"twitter_card":"summary_large_image","twitter_misc":{"Tiempo de lectura":"1 minuto"},"schema":{"@context":"https:\/\/schema.org","@graph":[{"@type":"WebPage","@id":"https:\/\/instagreen.eu\/es\/producto\/laminas-de-celulosa-instagreen-1920-unidades-copy\/","url":"https:\/\/instagreen.eu\/es\/producto\/laminas-de-celulosa-instagreen-1920-unidades-copy\/","name":"LAMINAS DE CELULOSA - ORGANICO & BIODEGRADABLE","isPartOf":{"@id":"https:\/\/instagreen.eu\/#website"},"primaryImageOfPage":{"@id":"https:\/\/instagreen.eu\/es\/producto\/laminas-de-celulosa-instagreen-1920-unidades-copy\/#primaryimage"},"image":{"@id":"https:\/\/instagreen.eu\/es\/producto\/laminas-de-celulosa-instagreen-1920-unidades-copy\/#primaryimage"},"thumbnailUrl":"https:\/\/instagreen.eu\/wp-content\/uploads\/2020\/08\/IMG_3383-cellulose.jpg","datePublished":"2024-08-05T16:25:50+00:00","dateModified":"2024-08-06T16:37:19+00:00","description":"L\u00e1minas de celulosa ecol\u00f3gicas y biodegradables para cultivar brotes germinados microgreens. F\u00e1cil de utilizar. Seleccionado por InstaGreen.","breadcrumb":{"@id":"https:\/\/instagreen.eu\/es\/producto\/laminas-de-celulosa-instagreen-1920-unidades-copy\/#breadcrumb"},"inLanguage":"es","potentialAction":[{"@type":"ReadAction","target":["https:\/\/instagreen.eu\/es\/producto\/laminas-de-celulosa-instagreen-1920-unidades-copy\/"]}]},{"@type":"ImageObject","inLanguage":"es","@id":"https:\/\/instagreen.eu\/es\/producto\/laminas-de-celulosa-instagreen-1920-unidades-copy\/#primaryimage","url":"https:\/\/instagreen.eu\/wp-content\/uploads\/2020\/08\/IMG_3383-cellulose.jpg","contentUrl":"https:\/\/instagreen.eu\/wp-content\/uploads\/2020\/08\/IMG_3383-cellulose.jpg","width":800,"height":800},{"@type":"BreadcrumbList","@id":"https:\/\/instagreen.eu\/es\/producto\/laminas-de-celulosa-instagreen-1920-unidades-copy\/#breadcrumb","itemListElement":[{"@type":"ListItem","position":1,"name":"Home","item":"https:\/\/instagreen.eu\/es\/"},{"@type":"ListItem","position":2,"name":"TIENDA","item":"https:\/\/instagreen.eu\/es\/tienda\/"},{"@type":"ListItem","position":3,"name":"LAMINAS DE CELULOSA INSTAGREEN (2400 unidades)"}]},{"@type":"WebSite","@id":"https:\/\/instagreen.eu\/#website","url":"https:\/\/instagreen.eu\/","name":"INSTAGREEN","description":"Enjoy living local greens.","potentialAction":[{"@type":"SearchAction","target":{"@type":"EntryPoint","urlTemplate":"https:\/\/instagreen.eu\/?s={search_term_string}"},"query-input":{"@type":"PropertyValueSpecification","valueRequired":true,"valueName":"search_term_string"}}],"inLanguage":"es"}]}},"_links":{"self":[{"href":"https:\/\/instagreen.eu\/es\/wp-json\/wp\/v2\/product\/49197","targetHints":{"allow":["GET"]}}],"collection":[{"href":"https:\/\/instagreen.eu\/es\/wp-json\/wp\/v2\/product"}],"about":[{"href":"https:\/\/instagreen.eu\/es\/wp-json\/wp\/v2\/types\/product"}],"wp:featuredmedia":[{"embeddable":true,"href":"https:\/\/instagreen.eu\/es\/wp-json\/wp\/v2\/media\/47978"}],"wp:attachment":[{"href":"https:\/\/instagreen.eu\/es\/wp-json\/wp\/v2\/media?parent=49197"}],"wp:term":[{"taxonomy":"product_cat","embeddable":true,"href":"https:\/\/instagreen.eu\/es\/wp-json\/wp\/v2\/product_cat?post=49197"},{"taxonomy":"product_tag","embeddable":true,"href":"https:\/\/instagreen.eu\/es\/wp-json\/wp\/v2\/product_tag?post=49197"}],"curies":[{"name":"wp","href":"https:\/\/api.w.org\/{rel}","templated":true}]}}